{"id":20526,"date":"2021-12-02T10:31:25","date_gmt":"2021-12-02T09:31:25","guid":{"rendered":"https:\/\/ataway-management.com\/gesetzliche-informationen\/"},"modified":"2025-06-03T11:30:06","modified_gmt":"2025-06-03T09:30:06","slug":"gesetzliche-informationen","status":"publish","type":"page","link":"https:\/\/ataway-management.com\/de\/gesetzliche-informationen\/","title":{"rendered":"Allgemeine Nutzungsbedingungen"},"content":{"rendered":"<style>.elementor-20526 .elementor-element.elementor-element-62da756 > .elementor-container{min-height:600px;}.elementor-20526 .elementor-element.elementor-element-62da756:not(.elementor-motion-effects-element-type-background), .elementor-20526 .elementor-element.elementor-element-62da756 > .elementor-motion-effects-container > .elementor-motion-effects-layer{background-image:url(\"https:\/\/ataway-management.com\/wp-content\/uploads\/2021\/10\/Header-management-operationnel.jpg\");background-size:cover;}.elementor-20526 .elementor-element.elementor-element-62da756{transition:background 0.3s, border 0.3s, border-radius 0.3s, box-shadow 0.3s;}.elementor-20526 .elementor-element.elementor-element-62da756 > .elementor-background-overlay{transition:background 0.3s, border-radius 0.3s, opacity 0.3s;}.elementor-widget-heading .elementor-heading-title{font-family:var( --e-global-typography-primary-font-family ), Sans-serif;font-weight:var( --e-global-typography-primary-font-weight );color:var( --e-global-color-primary );}.elementor-20526 .elementor-element.elementor-element-4959c8d{text-align:center;}.elementor-20526 .elementor-element.elementor-element-4959c8d .elementor-heading-title{font-family:\"Roboto\", Sans-serif;font-size:45px;font-weight:500;letter-spacing:1px;color:#FFFFFF;}.elementor-widget-divider{--divider-color:var( --e-global-color-secondary );}.elementor-widget-divider .elementor-divider__text{color:var( --e-global-color-secondary );font-family:var( --e-global-typography-secondary-font-family ), Sans-serif;font-weight:var( --e-global-typography-secondary-font-weight );}.elementor-widget-divider.elementor-view-stacked .elementor-icon{background-color:var( --e-global-color-secondary );}.elementor-widget-divider.elementor-view-framed .elementor-icon, .elementor-widget-divider.elementor-view-default .elementor-icon{color:var( --e-global-color-secondary );border-color:var( --e-global-color-secondary );}.elementor-widget-divider.elementor-view-framed .elementor-icon, .elementor-widget-divider.elementor-view-default .elementor-icon svg{fill:var( --e-global-color-secondary );}.elementor-20526 .elementor-element.elementor-element-4f43348{--divider-border-style:solid;--divider-color:#EE6B2F;--divider-border-width:2.5px;}.elementor-20526 .elementor-element.elementor-element-4f43348 .elementor-divider-separator{width:56px;margin:0 auto;margin-center:0;}.elementor-20526 .elementor-element.elementor-element-4f43348 .elementor-divider{text-align:center;padding-block-start:0px;padding-block-end:0px;}.elementor-20526 .elementor-element.elementor-element-4f43348 > .elementor-widget-container{padding:7px 0px 39px 0px;}.elementor-20526 .elementor-element.elementor-element-55bb85e9{transition:background 0.3s, border 0.3s, border-radius 0.3s, box-shadow 0.3s;padding:77px 0px 71px 0px;}.elementor-20526 .elementor-element.elementor-element-55bb85e9 > .elementor-background-overlay{transition:background 0.3s, border-radius 0.3s, opacity 0.3s;}.elementor-20526 .elementor-element.elementor-element-33741f8a > .elementor-widget-wrap > .elementor-widget:not(.elementor-widget__width-auto):not(.elementor-widget__width-initial):not(:last-child):not(.elementor-absolute){margin-block-end:0px;}.elementor-widget-text-editor{font-family:var( --e-global-typography-text-font-family ), Sans-serif;font-weight:var( --e-global-typography-text-font-weight );color:var( --e-global-color-text );}.elementor-widget-text-editor.elementor-drop-cap-view-stacked .elementor-drop-cap{background-color:var( --e-global-color-primary );}.elementor-widget-text-editor.elementor-drop-cap-view-framed .elementor-drop-cap, .elementor-widget-text-editor.elementor-drop-cap-view-default .elementor-drop-cap{color:var( --e-global-color-primary );border-color:var( --e-global-color-primary );}.elementor-20526 .elementor-element.elementor-element-a4ce8e0{text-align:start;}.elementor-20526 .elementor-element.elementor-element-4af16143{--divider-border-style:solid;--divider-color:#000;--divider-border-width:2px;}.elementor-20526 .elementor-element.elementor-element-4af16143 .elementor-divider-separator{width:23px;margin:0 auto;margin-center:0;}.elementor-20526 .elementor-element.elementor-element-4af16143 .elementor-divider{text-align:center;padding-block-start:0px;padding-block-end:0px;}.elementor-20526 .elementor-element.elementor-element-4af16143 > .elementor-widget-container{padding:7px 0px 39px 0px;}.elementor-20526 .elementor-element.elementor-element-68ba845d > .elementor-widget-container{margin:0% 0% 0% 0%;padding:0px 0px 59px 0px;}@media(max-width:1024px){.elementor-20526 .elementor-element.elementor-element-68ba845d > .elementor-widget-container{margin:0% 10% 0% 10%;}}@media(max-width:767px){.elementor-20526 .elementor-element.elementor-element-62da756 > .elementor-container{min-height:290px;}.elementor-20526 .elementor-element.elementor-element-4959c8d .elementor-heading-title{font-size:25px;line-height:1.5em;}.elementor-20526 .elementor-element.elementor-element-33741f8a > .elementor-element-populated{padding:0px 0px 0px 0px;}.elementor-20526 .elementor-element.elementor-element-68ba845d > .elementor-widget-container{margin:0% 0% 0% 0%;}}<\/style>\t\t<div data-elementor-type=\"wp-page\" data-elementor-id=\"20526\" class=\"elementor elementor-20526 elementor-14495\" data-elementor-post-type=\"page\">\n\t\t\t\t\t\t<section class=\"elementor-section elementor-top-section elementor-element elementor-element-62da756 elementor-section-height-min-height elementor-section-boxed elementor-section-height-default elementor-section-items-middle\" data-id=\"62da756\" data-element_type=\"section\" data-e-type=\"section\" data-settings=\"{&quot;background_background&quot;:&quot;classic&quot;}\">\n\t\t\t\t\t\t<div class=\"elementor-container elementor-column-gap-default\">\n\t\t\t\t\t<div class=\"elementor-column elementor-col-100 elementor-top-column elementor-element elementor-element-41d4daa\" data-id=\"41d4daa\" data-element_type=\"column\" data-e-type=\"column\">\n\t\t\t<div class=\"elementor-widget-wrap elementor-element-populated\">\n\t\t\t\t\t\t<div class=\"elementor-element elementor-element-4959c8d elementor-widget elementor-widget-heading\" data-id=\"4959c8d\" data-element_type=\"widget\" data-e-type=\"widget\" data-widget_type=\"heading.default\">\n\t\t\t\t<div class=\"elementor-widget-container\">\n\t\t\t\t\t<h1 class=\"elementor-heading-title elementor-size-default\">ALLGEMEINE NUTZUNGSBEDINGUNGEN<\/h1>\t\t\t\t<\/div>\n\t\t\t\t<\/div>\n\t\t\t\t<div class=\"elementor-element elementor-element-4f43348 elementor-widget-divider--view-line elementor-widget elementor-widget-divider\" data-id=\"4f43348\" data-element_type=\"widget\" data-e-type=\"widget\" data-widget_type=\"divider.default\">\n\t\t\t\t<div class=\"elementor-widget-container\">\n\t\t\t\t\t\t\t<div class=\"elementor-divider\">\n\t\t\t<span class=\"elementor-divider-separator\">\n\t\t\t\t\t\t<\/span>\n\t\t<\/div>\n\t\t\t\t\t\t<\/div>\n\t\t\t\t<\/div>\n\t\t\t\t\t<\/div>\n\t\t<\/div>\n\t\t\t\t\t<\/div>\n\t\t<\/section>\n\t\t\t\t<section class=\"elementor-section elementor-top-section elementor-element elementor-element-55bb85e9 elementor-section-boxed elementor-section-height-default elementor-section-height-default\" data-id=\"55bb85e9\" data-element_type=\"section\" data-e-type=\"section\" data-settings=\"{&quot;background_background&quot;:&quot;classic&quot;}\">\n\t\t\t\t\t\t<div class=\"elementor-container elementor-column-gap-default\">\n\t\t\t\t\t<div class=\"elementor-column elementor-col-100 elementor-top-column elementor-element elementor-element-33741f8a\" data-id=\"33741f8a\" data-element_type=\"column\" data-e-type=\"column\">\n\t\t\t<div class=\"elementor-widget-wrap elementor-element-populated\">\n\t\t\t\t\t\t<div class=\"elementor-element elementor-element-a4ce8e0 elementor-widget elementor-widget-text-editor\" data-id=\"a4ce8e0\" data-element_type=\"widget\" data-e-type=\"widget\" data-widget_type=\"text-editor.default\">\n\t\t\t\t<div class=\"elementor-widget-container\">\n\t\t\t\t\t\t\t\t\t<h2 style=\"text-align: center;\">Allgemeine Nutzungsbedingungen<\/h2>\t\t\t\t\t\t\t\t<\/div>\n\t\t\t\t<\/div>\n\t\t\t\t<div class=\"elementor-element elementor-element-4af16143 elementor-widget-divider--view-line elementor-widget elementor-widget-divider\" data-id=\"4af16143\" data-element_type=\"widget\" data-e-type=\"widget\" data-widget_type=\"divider.default\">\n\t\t\t\t<div class=\"elementor-widget-container\">\n\t\t\t\t\t\t\t<div class=\"elementor-divider\">\n\t\t\t<span class=\"elementor-divider-separator\">\n\t\t\t\t\t\t<\/span>\n\t\t<\/div>\n\t\t\t\t\t\t<\/div>\n\t\t\t\t<\/div>\n\t\t\t\t<div class=\"elementor-element elementor-element-68ba845d elementor-widget elementor-widget-text-editor\" data-id=\"68ba845d\" data-element_type=\"widget\" data-e-type=\"widget\" data-widget_type=\"text-editor.default\">\n\t\t\t\t<div class=\"elementor-widget-container\">\n\t\t\t\t\t\t\t\t\t<h4 style=\"text-align: center;\">Die vorliegenden Allgemeinen Nutzungsbedingungen (im Folgenden \u201eANB\u201c genannt) dienen der rechtlichen Einbettung der Modalit\u00e4ten der Bereitstellung der Website und der Dienstleistungen durch ATAWAY MANAGEMENT sowie der Festlegung der Bedingungen f\u00fcr den Zugang und die Nutzung der Dienstleistungen durch den \u201eBenutzer\u201c.<br>Die vorliegenden AGB sind auf der Website unter der Rubrik \u201eAGB\u201c zug\u00e4nglich.<\/h4>\t\t\t\t\t\t\t\t<\/div>\n\t\t\t\t<\/div>\n\t\t\t\t<div class=\"elementor-element elementor-element-ce0af22 elementor-widget elementor-widget-text-editor\" data-id=\"ce0af22\" data-element_type=\"widget\" data-e-type=\"widget\" data-widget_type=\"text-editor.default\">\n\t\t\t\t<div class=\"elementor-widget-container\">\n\t\t\t\t\t\t\t\t\t<p><strong>Artikel 1: Die rechtlichen Hinweise<\/strong><\/p><p>Die Herausgabe der Website http:\/\/www.ataway-management.com\/ erfolgt durch die Gesellschaft sarl ATAWAY MANAGEMENT mit einem Kapital von 10.000 Euro, eingetragen im Handelsregister von Nanterre unter der Nummer 799046826, mit Sitz in 1 PAS LEGRAND 92100 BOULOGNE-BILLANCOURT<br>Telefonnummer +33 (0)1 47 35 95 66<br>E-Mail-Adresse: contact@ataway-management.com.<br>Der Leiter der Ver\u00f6ffentlichung ist: Thierry Kuntz<\/p><p>Der Webhoster der Website http:\/\/www.ataway-management.com\/ ist die Firma www.phpnet.org mit Sitz in 130-134 Avenue du Pr\u00e9sident Wilson 93512 Montreuil Cedex und der Telefonnummer: +33 (0)4 86 57 60 00.<\/p><p> <\/p><p><strong>ARTIKEL 2: Zugang zur Website<\/strong><\/p><p>Die Website http:\/\/www.ataway-management.com\/ erm\u00f6glicht dem Nutzer einen kostenlosen Zugang zu den folgenden Dienstleistungen:<br>Die Website bietet die folgenden Dienstleistungen an:<br>\u00dcbergangsmanagement, strategisches Management, operatives Management, Kompetenzmanagement<br>Die Website ist f\u00fcr jeden Nutzer mit Internetzugang an jedem Ort kostenlos zug\u00e4nglich. Alle Kosten, die dem Nutzer durch den Zugriff auf den Dienst entstehen (Hardware, Software, Internetverbindung usw.), gehen zu seinen Lasten. <\/p><p> <\/p><p><strong>ARTIKEL 3: Erhebung von Daten<\/strong><\/p><p>Die Website ist von der Anmeldung bei der Commission Nationale Informatique et Libert\u00e9s (CNIL) befreit, da sie keine Daten \u00fcber die Nutzer sammelt.<\/p><p> <\/p><p><strong>ARTIKEL 4: Geistiges Eigentum<\/strong><\/p><p>Die Marken, Logos, Zeichen sowie alle Inhalte der Website (Texte, Bilder, Ton&#8230;) sind Gegenstand des Schutzes durch das Gesetz \u00fcber geistiges Eigentum und insbesondere durch das Urheberrecht.<\/p><p>Der Nutzer muss f\u00fcr jede Vervielf\u00e4ltigung, Ver\u00f6ffentlichung oder Kopie der verschiedenen Inhalte die vorherige Genehmigung der Website einholen. Er verpflichtet sich, die Inhalte der Website nur im privaten Rahmen zu nutzen, jegliche Nutzung zu kommerziellen oder Werbezwecken ist strengstens untersagt.<br>Jede vollst\u00e4ndige oder teilweise Darstellung dieser Website durch ein beliebiges Verfahren ohne die ausdr\u00fcckliche Genehmigung des Betreibers der Website stellt eine F\u00e4lschung dar, die gem\u00e4\u00df Artikel L 335-2 ff. des Gesetzes \u00fcber geistiges Eigentum bestraft wird.<br>Gem\u00e4\u00df Artikel L122-5 des Gesetzes \u00fcber geistiges Eigentum wird darauf hingewiesen, dass der Nutzer, der gesch\u00fctzte Inhalte reproduziert, kopiert oder ver\u00f6ffentlicht, den Urheber und die Quelle nennen muss. <\/p><p> <\/p><p><strong>ARTIKEL 5: Verantwortlichkeit<\/strong><\/p><p>Die Quellen der auf der Website http:\/\/www.ataway-management.com\/ verbreiteten Informationen gelten als zuverl\u00e4ssig, aber die Website garantiert nicht, dass sie frei von M\u00e4ngeln, Fehlern oder Auslassungen ist.<br>Die mitgeteilten Informationen werden zu Informationszwecken und allgemein ohne Vertragswert pr\u00e4sentiert. Trotz regelm\u00e4\u00dfiger Aktualisierungen kann die Website http:\/\/www.ataway-management.com\/ nicht f\u00fcr \u00c4nderungen der administrativen und rechtlichen Bestimmungen haftbar gemacht werden, die nach der Ver\u00f6ffentlichung eintreten. Ebenso wenig kann die Website f\u00fcr die Nutzung und Interpretation der auf dieser Website enthaltenen Informationen haftbar gemacht werden.<br>Die Website http:\/\/www.ataway-management.com\/ kann nicht f\u00fcr eventuelle Viren haftbar gemacht werden, die den Computer oder jegliches Informatikmaterial des Internetnutzers infolge der Nutzung, des Zugriffs oder des Herunterladens von dieser Website infizieren k\u00f6nnen.<br>Die Website kann im Falle h\u00f6herer Gewalt oder des unvorhersehbaren und un\u00fcberwindbaren Handelns eines Dritten nicht haftbar gemacht werden.  <\/p><p> <\/p><p><strong>ARTIKEL 6: Hyperlinks<\/strong><\/p><p>Auf der Website k\u00f6nnen Hypertext-Links vorhanden sein. Der Nutzer wird darauf hingewiesen, dass er durch Anklicken dieser Links die Website http:\/\/www.ataway-management.com\/ verl\u00e4sst. Letztere hat keine Kontrolle \u00fcber die Webseiten, auf die diese Links f\u00fchren, und kann in keinem Fall f\u00fcr deren Inhalt verantwortlich gemacht werden. <\/p><p> <\/p><p><strong>ARTIKEL 7: Cookies<\/strong><\/p><p>Der Nutzer wird dar\u00fcber informiert, dass bei seinen Besuchen auf der Website automatisch ein Cookie in seinem Browser installiert werden kann.<br>Cookies sind kleine Dateien, die von Ihrem Browser vor\u00fcbergehend auf der Festplatte des Computers des Nutzers gespeichert werden und die f\u00fcr die Nutzung der Website http:\/\/www.ataway-management.com\/ erforderlich sind. Cookies enthalten keine pers\u00f6nlichen Informationen und k\u00f6nnen nicht dazu verwendet werden, jemanden zu identifizieren. Ein Cookie enth\u00e4lt eine eindeutige Kennung, die zuf\u00e4llig generiert wird und daher anonym ist. Einige Cookies laufen am Ende des Besuchs des Nutzers ab, andere bleiben bestehen.<br>Die in den Cookies enthaltenen Informationen werden verwendet, um die Website http:\/\/www.ataway-management.com\/ zu verbessern.<br>Indem der Nutzer auf der Website surft, akzeptiert er sie.<br>Der Nutzer muss jedoch seine Zustimmung zur Verwendung bestimmter Cookies geben.<br>Wenn er diese Zustimmung nicht gibt, wird der Nutzer dar\u00fcber informiert, dass ihm bestimmte Funktionen oder Seiten m\u00f6glicherweise verweigert werden.<br>Der Nutzer kann diese Cookies \u00fcber die in seiner Browser-Software enthaltenen Einstellungen deaktivieren.  <\/p><p> <\/p><p><strong>ARTIKEL 8: Anwendbares Recht und zust\u00e4ndige Gerichtsbarkeit<\/strong><\/p><p>F\u00fcr den vorliegenden Vertrag gilt das franz\u00f6sische Recht. Falls eine zwischen den Parteien entstandene Streitigkeit nicht g\u00fctlich beigelegt werden kann, sind ausschlie\u00dflich die franz\u00f6sischen Gerichte zust\u00e4ndig.<br>Bei Fragen zur Anwendung der vorliegenden AGB k\u00f6nnen Sie den Herausgeber unter den in ARTIKEL 1 angegebenen Kontaktdaten erreichen. <\/p><p>UGC realisiert auf http:\/\/legalplace.fr\/<\/p>\t\t\t\t\t\t\t\t<\/div>\n\t\t\t\t<\/div>\n\t\t\t\t\t<\/div>\n\t\t<\/div>\n\t\t\t\t\t<\/div>\n\t\t<\/section>\n\t\t\t\t<\/div>\n\t\t","protected":false},"excerpt":{"rendered":"<p>ALLGEMEINE NUTZUNGSBEDINGUNGEN Allgemeine Nutzungsbedingungen Die vorliegenden Allgemeinen Nutzungsbedingungen (im Folgenden \u201eANB\u201c genannt) dienen der rechtlichen Einbettung der Modalit\u00e4ten der Bereitstellung der Website und der Dienstleistungen durch ATAWAY MANAGEMENT sowie der Festlegung der Bedingungen f\u00fcr den Zugang und die Nutzung der Dienstleistungen durch den \u201eBenutzer\u201c.Die vorliegenden AGB sind auf der Website unter der Rubrik \u201eAGB\u201c zug\u00e4nglich. [&hellip;]<\/p>\n","protected":false},"author":4,"featured_media":0,"parent":0,"menu_order":0,"comment_status":"closed","ping_status":"closed","template":"elementor_header_footer","meta":{"footnotes":""},"class_list":["post-20526","page","type-page","status-publish","hentry"],"aioseo_notices":[],"_links":{"self":[{"href":"https:\/\/ataway-management.com\/de\/wp-json\/wp\/v2\/pages\/20526","targetHints":{"allow":["GET"]}}],"collection":[{"href":"https:\/\/ataway-management.com\/de\/wp-json\/wp\/v2\/pages"}],"about":[{"href":"https:\/\/ataway-management.com\/de\/wp-json\/wp\/v2\/types\/page"}],"author":[{"embeddable":true,"href":"https:\/\/ataway-management.com\/de\/wp-json\/wp\/v2\/users\/4"}],"replies":[{"embeddable":true,"href":"https:\/\/ataway-management.com\/de\/wp-json\/wp\/v2\/comments?post=20526"}],"version-history":[{"count":0,"href":"https:\/\/ataway-management.com\/de\/wp-json\/wp\/v2\/pages\/20526\/revisions"}],"wp:attachment":[{"href":"https:\/\/ataway-management.com\/de\/wp-json\/wp\/v2\/media?parent=20526"}],"curies":[{"name":"wp","href":"https:\/\/api.w.org\/{rel}","templated":true}]}}