{"id":20530,"date":"2021-12-02T10:35:18","date_gmt":"2021-12-02T09:35:18","guid":{"rendered":"https:\/\/ataway-management.com\/sprechen-sie-uns-an\/"},"modified":"2025-10-15T09:33:58","modified_gmt":"2025-10-15T07:33:58","slug":"sprechen-sie-uns-an","status":"publish","type":"page","link":"https:\/\/ataway-management.com\/de\/sprechen-sie-uns-an\/","title":{"rendered":"Sprechen Sie uns an"},"content":{"rendered":"<style>.elementor-20530 .elementor-element.elementor-element-2d9d188 > .elementor-container{min-height:600px;}.elementor-20530 .elementor-element.elementor-element-2d9d188:not(.elementor-motion-effects-element-type-background), .elementor-20530 .elementor-element.elementor-element-2d9d188 > .elementor-motion-effects-container > .elementor-motion-effects-layer{background-image:url(\"https:\/\/ataway-management.com\/wp-content\/uploads\/2023\/12\/reunion.jpg\");background-size:cover;}.elementor-20530 .elementor-element.elementor-element-2d9d188 > .elementor-background-overlay{background-color:#1A1A1A;opacity:0.33;transition:background 0.3s, border-radius 0.3s, opacity 0.3s;}.elementor-20530 .elementor-element.elementor-element-2d9d188{transition:background 0.3s, border 0.3s, border-radius 0.3s, box-shadow 0.3s;margin-top:0px;margin-bottom:0px;padding:0px 0px 0px 0px;}.elementor-widget-heading .elementor-heading-title{font-family:var( --e-global-typography-primary-font-family ), Sans-serif;font-weight:var( --e-global-typography-primary-font-weight );color:var( --e-global-color-primary );}.elementor-20530 .elementor-element.elementor-element-4be4183{text-align:center;}.elementor-20530 .elementor-element.elementor-element-4be4183 .elementor-heading-title{font-family:\"Roboto\", Sans-serif;font-size:45px;font-weight:500;letter-spacing:1px;color:#FFFFFF;}.elementor-widget-divider{--divider-color:var( --e-global-color-secondary );}.elementor-widget-divider .elementor-divider__text{color:var( --e-global-color-secondary );font-family:var( --e-global-typography-secondary-font-family ), Sans-serif;font-weight:var( --e-global-typography-secondary-font-weight );}.elementor-widget-divider.elementor-view-stacked .elementor-icon{background-color:var( --e-global-color-secondary );}.elementor-widget-divider.elementor-view-framed .elementor-icon, .elementor-widget-divider.elementor-view-default .elementor-icon{color:var( --e-global-color-secondary );border-color:var( --e-global-color-secondary );}.elementor-widget-divider.elementor-view-framed .elementor-icon, .elementor-widget-divider.elementor-view-default .elementor-icon svg{fill:var( --e-global-color-secondary );}.elementor-20530 .elementor-element.elementor-element-ef7a91b{--divider-border-style:solid;--divider-color:#EE6B2F;--divider-border-width:2.5px;}.elementor-20530 .elementor-element.elementor-element-ef7a91b .elementor-divider-separator{width:56px;margin:0 auto;margin-center:0;}.elementor-20530 .elementor-element.elementor-element-ef7a91b .elementor-divider{text-align:center;padding-block-start:0px;padding-block-end:0px;}.elementor-20530 .elementor-element.elementor-element-ef7a91b > .elementor-widget-container{padding:7px 0px 39px 0px;}.elementor-20530 .elementor-element.elementor-element-5238718 > .elementor-element-populated{padding:0px 0px 0px 0px;}.elementor-20530 .elementor-element.elementor-element-504c3ba:not(.elementor-motion-effects-element-type-background), .elementor-20530 .elementor-element.elementor-element-504c3ba > .elementor-motion-effects-container > .elementor-motion-effects-layer{background-color:#f6f6f6;}.elementor-20530 .elementor-element.elementor-element-504c3ba{transition:background 0.3s, border 0.3s, border-radius 0.3s, box-shadow 0.3s;padding:77px 0px 14px 0px;}.elementor-20530 .elementor-element.elementor-element-504c3ba > .elementor-background-overlay{transition:background 0.3s, border-radius 0.3s, opacity 0.3s;}.elementor-20530 .elementor-element.elementor-element-fa1a384 > .elementor-widget-wrap > .elementor-widget:not(.elementor-widget__width-auto):not(.elementor-widget__width-initial):not(:last-child):not(.elementor-absolute){margin-block-end:0px;}.elementor-widget-text-editor{font-family:var( --e-global-typography-text-font-family ), Sans-serif;font-weight:var( --e-global-typography-text-font-weight );color:var( --e-global-color-text );}.elementor-widget-text-editor.elementor-drop-cap-view-stacked .elementor-drop-cap{background-color:var( --e-global-color-primary );}.elementor-widget-text-editor.elementor-drop-cap-view-framed .elementor-drop-cap, .elementor-widget-text-editor.elementor-drop-cap-view-default .elementor-drop-cap{color:var( --e-global-color-primary );border-color:var( --e-global-color-primary );}.elementor-20530 .elementor-element.elementor-element-592bb75{--divider-border-style:solid;--divider-color:#EE6B2F;--divider-border-width:2px;}.elementor-20530 .elementor-element.elementor-element-592bb75 .elementor-divider-separator{width:23px;margin:0 auto;margin-center:0;}.elementor-20530 .elementor-element.elementor-element-592bb75 .elementor-divider{text-align:center;padding-block-start:0px;padding-block-end:0px;}.elementor-20530 .elementor-element.elementor-element-592bb75 > .elementor-widget-container{padding:7px 0px 35px 0px;}.elementor-20530 .elementor-element.elementor-element-9082ca4:not(.elementor-motion-effects-element-type-background), .elementor-20530 .elementor-element.elementor-element-9082ca4 > .elementor-motion-effects-container > .elementor-motion-effects-layer{background-color:#F6F6F6;}.elementor-20530 .elementor-element.elementor-element-9082ca4{transition:background 0.3s, border 0.3s, border-radius 0.3s, box-shadow 0.3s;}.elementor-20530 .elementor-element.elementor-element-9082ca4 > .elementor-background-overlay{transition:background 0.3s, border-radius 0.3s, opacity 0.3s;}.elementor-20530 .elementor-element.elementor-element-34cb9ab{font-family:\"Raleway\", Sans-serif;font-size:23px;font-weight:600;line-height:1.7em;letter-spacing:1.1px;color:#2A2A2A;}.elementor-20530 .elementor-element.elementor-element-34cb9ab > .elementor-widget-container{padding:0px 0px 0px 0px;}.elementor-20530 .elementor-element.elementor-element-2f84b50{font-family:\"Raleway\", Sans-serif;font-size:15px;font-weight:400;line-height:1.7em;color:#2A2A2A;}.elementor-20530 .elementor-element.elementor-element-2f84b50 > .elementor-widget-container{padding:0px 0px 0px 0px;}.elementor-20530 .elementor-element.elementor-element-35f2b11{font-family:\"Raleway\", Sans-serif;font-size:17px;font-weight:400;line-height:1.7em;color:#2A2A2A;}.elementor-20530 .elementor-element.elementor-element-35f2b11 > .elementor-widget-container{padding:0px 0px 30px 0px;}.elementor-widget-button .elementor-button{font-family:var( --e-global-typography-accent-font-family ), Sans-serif;font-weight:var( --e-global-typography-accent-font-weight );background-color:var( --e-global-color-accent );}.elementor-20530 .elementor-element.elementor-element-2a9039e .elementor-button{font-family:\"Roboto\", Sans-serif;font-weight:500;background-color:#ED6B21;border-style:solid;border-width:1px 1px 1px 1px;border-radius:25px 25px 25px 25px;}.elementor-20530 .elementor-element.elementor-element-2a9039e .elementor-button:hover, .elementor-20530 .elementor-element.elementor-element-2a9039e .elementor-button:focus{color:#ED6B21;background-color:#FFFFFF;border-color:#ED6B21;}.elementor-20530 .elementor-element.elementor-element-2a9039e .elementor-button:hover svg, .elementor-20530 .elementor-element.elementor-element-2a9039e .elementor-button:focus svg{fill:#ED6B21;}.elementor-20530 .elementor-element.elementor-element-2a9039e > .elementor-widget-container{padding:20px 0px 10px 0px;}@media(max-width:767px){.elementor-20530 .elementor-element.elementor-element-2d9d188 > .elementor-container{min-height:290px;}.elementor-20530 .elementor-element.elementor-element-4be4183 .elementor-heading-title{font-size:25px;line-height:1.5em;}}<\/style>\t\t<div data-elementor-type=\"wp-page\" data-elementor-id=\"20530\" class=\"elementor elementor-20530 elementor-19410\" data-elementor-post-type=\"page\">\n\t\t\t\t\t\t<section class=\"elementor-section elementor-top-section elementor-element elementor-element-2d9d188 elementor-section-height-min-height elementor-section-boxed elementor-section-height-default elementor-section-items-middle\" data-id=\"2d9d188\" data-element_type=\"section\" data-e-type=\"section\" data-settings=\"{&quot;background_background&quot;:&quot;classic&quot;}\">\n\t\t\t\t\t\t\t<div class=\"elementor-background-overlay\"><\/div>\n\t\t\t\t\t\t\t<div class=\"elementor-container elementor-column-gap-default\">\n\t\t\t\t\t<div class=\"elementor-column elementor-col-100 elementor-top-column elementor-element elementor-element-78e27b2\" data-id=\"78e27b2\" data-element_type=\"column\" data-e-type=\"column\">\n\t\t\t<div class=\"elementor-widget-wrap elementor-element-populated\">\n\t\t\t\t\t\t<div class=\"elementor-element elementor-element-4be4183 elementor-widget elementor-widget-heading\" data-id=\"4be4183\" data-element_type=\"widget\" data-e-type=\"widget\" data-widget_type=\"heading.default\">\n\t\t\t\t<div class=\"elementor-widget-container\">\n\t\t\t\t\t<h1 class=\"elementor-heading-title elementor-size-default\">Uns kontaktieren<\/h1>\t\t\t\t<\/div>\n\t\t\t\t<\/div>\n\t\t\t\t<div class=\"elementor-element elementor-element-ef7a91b elementor-widget-divider--view-line elementor-widget elementor-widget-divider\" data-id=\"ef7a91b\" data-element_type=\"widget\" data-e-type=\"widget\" data-widget_type=\"divider.default\">\n\t\t\t\t<div class=\"elementor-widget-container\">\n\t\t\t\t\t\t\t<div class=\"elementor-divider\">\n\t\t\t<span class=\"elementor-divider-separator\">\n\t\t\t\t\t\t<\/span>\n\t\t<\/div>\n\t\t\t\t\t\t<\/div>\n\t\t\t\t<\/div>\n\t\t\t\t\t<\/div>\n\t\t<\/div>\n\t\t\t\t\t<\/div>\n\t\t<\/section>\n\t\t\t\t<section class=\"elementor-section elementor-top-section elementor-element elementor-element-1864185 elementor-section-full_width elementor-section-height-default elementor-section-height-default\" data-id=\"1864185\" data-element_type=\"section\" data-e-type=\"section\">\n\t\t\t\t\t\t<div class=\"elementor-container elementor-column-gap-default\">\n\t\t\t\t\t<div class=\"elementor-column elementor-col-100 elementor-top-column elementor-element elementor-element-5238718\" data-id=\"5238718\" data-element_type=\"column\" data-e-type=\"column\">\n\t\t\t<div class=\"elementor-widget-wrap\">\n\t\t\t\t\t\t\t<\/div>\n\t\t<\/div>\n\t\t\t\t\t<\/div>\n\t\t<\/section>\n\t\t\t\t<section class=\"elementor-section elementor-top-section elementor-element elementor-element-504c3ba elementor-section-boxed elementor-section-height-default elementor-section-height-default\" data-id=\"504c3ba\" data-element_type=\"section\" data-e-type=\"section\" data-settings=\"{&quot;background_background&quot;:&quot;classic&quot;}\">\n\t\t\t\t\t\t<div class=\"elementor-container elementor-column-gap-default\">\n\t\t\t\t\t<div class=\"elementor-column elementor-col-100 elementor-top-column elementor-element elementor-element-fa1a384\" data-id=\"fa1a384\" data-element_type=\"column\" data-e-type=\"column\">\n\t\t\t<div class=\"elementor-widget-wrap elementor-element-populated\">\n\t\t\t\t\t\t<div class=\"elementor-element elementor-element-088fb74 elementor-widget elementor-widget-text-editor\" data-id=\"088fb74\" data-element_type=\"widget\" data-e-type=\"widget\" data-widget_type=\"text-editor.default\">\n\t\t\t\t<div class=\"elementor-widget-container\">\n\t\t\t\t\t\t\t\t\t<h2 style=\"text-align: center;\">SPRECHEN SIE UNS AN<\/h2>\n\t\t\t\t\t\t\t\t<\/div>\n\t\t\t\t<\/div>\n\t\t\t\t<div class=\"elementor-element elementor-element-592bb75 elementor-widget-divider--view-line elementor-widget elementor-widget-divider\" data-id=\"592bb75\" data-element_type=\"widget\" data-e-type=\"widget\" data-widget_type=\"divider.default\">\n\t\t\t\t<div class=\"elementor-widget-container\">\n\t\t\t\t\t\t\t<div class=\"elementor-divider\">\n\t\t\t<span class=\"elementor-divider-separator\">\n\t\t\t\t\t\t<\/span>\n\t\t<\/div>\n\t\t\t\t\t\t<\/div>\n\t\t\t\t<\/div>\n\t\t\t\t\t<\/div>\n\t\t<\/div>\n\t\t\t\t\t<\/div>\n\t\t<\/section>\n\t\t\t\t<section class=\"elementor-section elementor-top-section elementor-element elementor-element-9082ca4 elementor-section-boxed elementor-section-height-default elementor-section-height-default\" data-id=\"9082ca4\" data-element_type=\"section\" data-e-type=\"section\" data-settings=\"{&quot;background_background&quot;:&quot;classic&quot;}\">\n\t\t\t\t\t\t<div class=\"elementor-container elementor-column-gap-default\">\n\t\t\t\t\t<div class=\"elementor-column elementor-col-33 elementor-top-column elementor-element elementor-element-65586d1\" data-id=\"65586d1\" data-element_type=\"column\" data-e-type=\"column\">\n\t\t\t<div class=\"elementor-widget-wrap elementor-element-populated\">\n\t\t\t\t\t\t<div class=\"elementor-element elementor-element-34cb9ab elementor-widget elementor-widget-text-editor\" data-id=\"34cb9ab\" data-element_type=\"widget\" data-e-type=\"widget\" data-widget_type=\"text-editor.default\">\n\t\t\t\t<div class=\"elementor-widget-container\">\n\t\t\t\t\t\t\t\t\t<p>ADRESSE<\/p>\n\t\t\t\t\t\t\t\t<\/div>\n\t\t\t\t<\/div>\n\t\t\t\t<div class=\"elementor-element elementor-element-2f84b50 elementor-widget elementor-widget-text-editor\" data-id=\"2f84b50\" data-element_type=\"widget\" data-e-type=\"widget\" data-widget_type=\"text-editor.default\">\n\t\t\t\t<div class=\"elementor-widget-container\">\n\t\t\t\t\t\t\t\t\t<p>1 Passage Legrand<\/p>\n<p>92100 Boulogne, France<\/p>\n<p><strong>Email :<\/strong> contact@ataway-management.com<\/p>\n<p><strong>T\u00e9l\u00e9phone :<\/strong> +33 (0)1 47 35 95 66<\/p>\n\t\t\t\t\t\t\t\t<\/div>\n\t\t\t\t<\/div>\n\t\t\t\t\t<\/div>\n\t\t<\/div>\n\t\t\t\t<div class=\"elementor-column elementor-col-66 elementor-top-column elementor-element elementor-element-4e83977\" data-id=\"4e83977\" data-element_type=\"column\" data-e-type=\"column\">\n\t\t\t<div class=\"elementor-widget-wrap elementor-element-populated\">\n\t\t\t\t\t\t<div class=\"elementor-element elementor-element-35f2b11 elementor-widget elementor-widget-text-editor\" data-id=\"35f2b11\" data-element_type=\"widget\" data-e-type=\"widget\" data-widget_type=\"text-editor.default\">\n\t\t\t\t<div class=\"elementor-widget-container\">\n\t\t\t\t\t\t\t\t\t<p>Haben Sie Fragen? Besondere W\u00fcnsche? M\u00f6chten Sie mehr \u00fcber unsere Aktivit\u00e4ten und unsere Leistungen erfahren? Sprechen Sie uns einfach mithilfe des unten stehenden Formulars an!<\/p>\n\t\t\t\t\t\t\t\t<\/div>\n\t\t\t\t<\/div>\n\t\t\t\t<div class=\"elementor-element elementor-element-4289d8d elementor-widget elementor-widget-text-editor\" data-id=\"4289d8d\" data-element_type=\"widget\" data-e-type=\"widget\" data-widget_type=\"text-editor.default\">\n\t\t\t\t<div class=\"elementor-widget-container\">\n\t\t\t\t\t\t\t\t\t<div class=\"caldera-grid\" id=\"caldera_form_1\" data-cf-ver=\"1.9.4\" data-cf-form-id=\"CF60e57ed00fc2e\"><div id=\"caldera_notices_1\" data-spinner=\"https:\/\/ataway-management.com\/wp-admin\/images\/spinner.gif\"><\/div><form data-instance=\"1\" class=\"CF60e57ed00fc2e caldera_forms_form cfajax-trigger\" method=\"POST\" enctype=\"multipart\/form-data\" id=\"CF60e57ed00fc2e_1\" data-form-id=\"CF60e57ed00fc2e\" aria-label=\"Ataw1\" data-target=\"#caldera_notices_1\" data-template=\"#cfajax_CF60e57ed00fc2e-tmpl\" data-cfajax=\"CF60e57ed00fc2e\" data-load-element=\"_parent\" data-load-class=\"cf_processing\" data-post-disable=\"0\" data-action=\"cf_process_ajax_submit\" data-request=\"https:\/\/ataway-management.com\/de\/\/cf-api\/CF60e57ed00fc2e\" data-hiderows=\"true\">\r\n<input type=\"hidden\" id=\"_cf_verify_CF60e57ed00fc2e\" name=\"_cf_verify\" value=\"856f069190\"  data-nonce-time=\"1776095041\" \/><input type=\"hidden\" name=\"_wp_http_referer\" value=\"\/de\/wp-json\/wp\/v2\/pages\/20530\" \/><div id=\"cf2-CF60e57ed00fc2e_1\"><\/div><input type=\"hidden\" name=\"_cf_frm_id\" value=\"CF60e57ed00fc2e\">\r\n<input type=\"hidden\" name=\"_cf_frm_ct\" value=\"1\">\r\n<input type=\"hidden\" name=\"cfajax\" value=\"CF60e57ed00fc2e\">\r\n<input type=\"hidden\" name=\"_cf_cr_pst\" value=\"20530\">\r\n<div class=\"hide\" style=\"display:none; overflow:hidden;height:0;width:0;\">\r\n<label>Name<\/label><input type=\"text\" name=\"name\" value=\"\" autocomplete=\"off\">\r\n<\/div><div id=\"CF60e57ed00fc2e_1-row-1\"  class=\"row  first_row\"><div  class=\"col-sm-6  first_col\"><div data-field-wrapper=\"fld_8768091\" class=\"form-group\" id=\"fld_8768091_1-wrap\">\r\n\t<label id=\"fld_8768091Label\" for=\"fld_8768091_1\" class=\"control-label\">Pr\u00e9nom <span aria-hidden=\"true\" role=\"presentation\" class=\"field_required\" style=\"color:#ee0000;\">*<\/span><\/label>\r\n\t<div class=\"\">\r\n\t\t<input   required type=\"text\" data-field=\"fld_8768091\" class=\" form-control\" id=\"fld_8768091_1\" name=\"fld_8768091\" value=\"\" data-type=\"text\" aria-required=\"true\"   aria-labelledby=\"fld_8768091Label\" >\t\t\t<\/div>\r\n<\/div>\r\n<div data-field-wrapper=\"fld_3429769\" class=\"form-group\" id=\"fld_3429769_1-wrap\">\r\n\t<label id=\"fld_3429769Label\" for=\"fld_3429769_1\" class=\"control-label\">Adresse de messagerie <span aria-hidden=\"true\" role=\"presentation\" class=\"field_required\" style=\"color:#ee0000;\">*<\/span><\/label>\r\n\t<div class=\"\">\r\n\t\t<input   required type=\"email\" data-field=\"fld_3429769\" class=\" form-control\" id=\"fld_3429769_1\" name=\"fld_3429769\" value=\"\" data-type=\"email\" aria-required=\"true\"   aria-labelledby=\"fld_3429769Label\" >\t\t\t<\/div>\r\n<\/div>\r\n<\/div><div  class=\"col-sm-6  last_col\"><div data-field-wrapper=\"fld_9970286\" class=\"form-group\" id=\"fld_9970286_1-wrap\">\r\n\t<label id=\"fld_9970286Label\" for=\"fld_9970286_1\" class=\"control-label\">Nom de famille <span aria-hidden=\"true\" role=\"presentation\" class=\"field_required\" style=\"color:#ee0000;\">*<\/span><\/label>\r\n\t<div class=\"\">\r\n\t\t<input   required type=\"text\" data-field=\"fld_9970286\" class=\" form-control\" id=\"fld_9970286_1\" name=\"fld_9970286\" value=\"\" data-type=\"text\" aria-required=\"true\"   aria-labelledby=\"fld_9970286Label\" >\t\t\t<\/div>\r\n<\/div>\r\n<div data-field-wrapper=\"fld_4971893\" class=\"form-group\" id=\"fld_4971893_1-wrap\">\r\n\t<label id=\"fld_4971893Label\" for=\"fld_4971893_1\" class=\"control-label\">T\u00e9l\u00e9phone<\/label>\r\n\t<div class=\"\">\r\n\t\t<input  data-inputmask=\"'mask': '+33 (0)9-99-99-99-99'\"   type=\"phone\" data-field=\"fld_4971893\" class=\" form-control\" id=\"fld_4971893_1\" name=\"fld_4971893\" value=\"\" data-type=\"phone\"   aria-labelledby=\"fld_4971893Label\" >\t\t\t<\/div>\r\n<\/div>\r\n<\/div><\/div><div id=\"CF60e57ed00fc2e_1-row-2\"  class=\"row \"><div  class=\"col-sm-12  single\"><div data-field-wrapper=\"fld_7683514\" class=\"form-group\" id=\"fld_7683514_1-wrap\">\r\n\t<label id=\"fld_7683514Label\" for=\"fld_7683514_1\" class=\"control-label\">Votre message<\/label>\r\n\t<div class=\"\">\r\n\t\t<textarea name=\"fld_7683514\" value=\"\" data-field=\"fld_7683514\" class=\"form-control\" id=\"fld_7683514_1\" rows=\"7\"    aria-labelledby=\"fld_7683514Label\" ><\/textarea>\n\t\t\t<\/div>\r\n<\/div>\r\n<\/div><\/div><div id=\"CF60e57ed00fc2e_1-row-3\"  class=\"row  last_row\"><div  class=\"col-sm-12  single\"><div data-field-wrapper=\"fld_7908577\" class=\"form-group\" id=\"fld_7908577_1-wrap\">\r\n<div class=\"\">\r\n\t<input  class=\"btn btn-default\" type=\"submit\" name=\"fld_7908577\" id=\"fld_7908577_1\" value=\"Envoyer le message\" data-field=\"fld_7908577\"  >\n<\/div>\r\n<\/div>\r\n\t<input class=\"button_trigger_1\" type=\"hidden\" name=\"fld_7908577\" id=\"fld_7908577_1_btn\" value=\"\" data-field=\"fld_7908577\"  \/>\n<\/div><\/div><\/form>\r\n<\/div>\r\n\n\t\t\t\t\t\t\t\t<\/div>\n\t\t\t\t<\/div>\n\t\t\t\t\t<\/div>\n\t\t<\/div>\n\t\t\t\t\t<\/div>\n\t\t<\/section>\n\t\t\t\t<section class=\"elementor-section elementor-top-section elementor-element elementor-element-df69046 elementor-section-boxed elementor-section-height-default elementor-section-height-default\" data-id=\"df69046\" data-element_type=\"section\" data-e-type=\"section\">\n\t\t\t\t\t\t<div class=\"elementor-container elementor-column-gap-default\">\n\t\t\t\t\t<div class=\"elementor-column elementor-col-100 elementor-top-column elementor-element elementor-element-732bfa1\" data-id=\"732bfa1\" data-element_type=\"column\" data-e-type=\"column\">\n\t\t\t<div class=\"elementor-widget-wrap elementor-element-populated\">\n\t\t\t\t\t\t<div class=\"elementor-element elementor-element-2a9039e elementor-align-center elementor-widget elementor-widget-button\" data-id=\"2a9039e\" data-element_type=\"widget\" data-e-type=\"widget\" data-widget_type=\"button.default\">\n\t\t\t\t<div class=\"elementor-widget-container\">\n\t\t\t\t\t\t\t\t\t<div class=\"elementor-button-wrapper\">\n\t\t\t\t\t<a class=\"elementor-button elementor-button-link elementor-size-md\" href=\"https:\/\/calendly.com\/tkuntz-fkw\/30min?\" target=\"_blank\">\n\t\t\t\t\t\t<span class=\"elementor-button-content-wrapper\">\n\t\t\t\t\t\t\t\t\t<span class=\"elementor-button-text\">Einen Termin mit einem Spezialisten vereinbaren<\/span>\n\t\t\t\t\t<\/span>\n\t\t\t\t\t<\/a>\n\t\t\t\t<\/div>\n\t\t\t\t\t\t\t\t<\/div>\n\t\t\t\t<\/div>\n\t\t\t\t\t<\/div>\n\t\t<\/div>\n\t\t\t\t\t<\/div>\n\t\t<\/section>\n\t\t\t\t<\/div>\n\t\t","protected":false},"excerpt":{"rendered":"<p>Uns kontaktieren SPRECHEN SIE UNS AN ADRESSE 1 Passage Legrand 92100 Boulogne, France Email : contact@ataway-management.com T\u00e9l\u00e9phone : +33 (0)1 47 35 95 66 Haben Sie Fragen? Besondere W\u00fcnsche? M\u00f6chten Sie mehr \u00fcber unsere Aktivit\u00e4ten und unsere Leistungen erfahren? Sprechen Sie uns einfach mithilfe des unten stehenden Formulars an! Einen Termin mit einem Spezialisten vereinbaren<\/p>\n","protected":false},"author":4,"featured_media":0,"parent":0,"menu_order":0,"comment_status":"open","ping_status":"closed","template":"","meta":{"footnotes":""},"class_list":["post-20530","page","type-page","status-publish","hentry"],"aioseo_notices":[],"_links":{"self":[{"href":"https:\/\/ataway-management.com\/de\/wp-json\/wp\/v2\/pages\/20530","targetHints":{"allow":["GET"]}}],"collection":[{"href":"https:\/\/ataway-management.com\/de\/wp-json\/wp\/v2\/pages"}],"about":[{"href":"https:\/\/ataway-management.com\/de\/wp-json\/wp\/v2\/types\/page"}],"author":[{"embeddable":true,"href":"https:\/\/ataway-management.com\/de\/wp-json\/wp\/v2\/users\/4"}],"replies":[{"embeddable":true,"href":"https:\/\/ataway-management.com\/de\/wp-json\/wp\/v2\/comments?post=20530"}],"version-history":[{"count":2,"href":"https:\/\/ataway-management.com\/de\/wp-json\/wp\/v2\/pages\/20530\/revisions"}],"predecessor-version":[{"id":26348,"href":"https:\/\/ataway-management.com\/de\/wp-json\/wp\/v2\/pages\/20530\/revisions\/26348"}],"wp:attachment":[{"href":"https:\/\/ataway-management.com\/de\/wp-json\/wp\/v2\/media?parent=20530"}],"curies":[{"name":"wp","href":"https:\/\/api.w.org\/{rel}","templated":true}]}}