{"id":25835,"date":"2025-06-03T11:23:03","date_gmt":"2025-06-03T09:23:03","guid":{"rendered":"https:\/\/ataway-management.com\/partner\/"},"modified":"2025-06-03T11:23:04","modified_gmt":"2025-06-03T09:23:04","slug":"partner","status":"publish","type":"page","link":"https:\/\/ataway-management.com\/de\/partner\/","title":{"rendered":"Partner"},"content":{"rendered":"<style>.elementor-25835 .elementor-element.elementor-element-7ea757b > .elementor-container{min-height:600px;}.elementor-25835 .elementor-element.elementor-element-7ea757b:not(.elementor-motion-effects-element-type-background), .elementor-25835 .elementor-element.elementor-element-7ea757b > .elementor-motion-effects-container > .elementor-motion-effects-layer{background-image:url(\"https:\/\/ataway-management.com\/wp-content\/uploads\/2021\/10\/montrer-femme.jpg\");background-size:cover;}.elementor-25835 .elementor-element.elementor-element-7ea757b > .elementor-background-overlay{background-color:#000000;opacity:0.3;transition:background 0.3s, border-radius 0.3s, opacity 0.3s;}.elementor-25835 .elementor-element.elementor-element-7ea757b{transition:background 0.3s, border 0.3s, border-radius 0.3s, box-shadow 0.3s;}.elementor-widget-heading .elementor-heading-title{font-family:var( --e-global-typography-primary-font-family ), Sans-serif;font-weight:var( --e-global-typography-primary-font-weight );color:var( --e-global-color-primary );}.elementor-25835 .elementor-element.elementor-element-d096e7d{text-align:center;}.elementor-25835 .elementor-element.elementor-element-d096e7d .elementor-heading-title{font-family:\"Roboto\", Sans-serif;font-size:45px;font-weight:500;letter-spacing:1px;color:#FFFFFF;}.elementor-widget-divider{--divider-color:var( --e-global-color-secondary );}.elementor-widget-divider .elementor-divider__text{color:var( --e-global-color-secondary );font-family:var( --e-global-typography-secondary-font-family ), Sans-serif;font-weight:var( --e-global-typography-secondary-font-weight );}.elementor-widget-divider.elementor-view-stacked .elementor-icon{background-color:var( --e-global-color-secondary );}.elementor-widget-divider.elementor-view-framed .elementor-icon, .elementor-widget-divider.elementor-view-default .elementor-icon{color:var( --e-global-color-secondary );border-color:var( --e-global-color-secondary );}.elementor-widget-divider.elementor-view-framed .elementor-icon, .elementor-widget-divider.elementor-view-default .elementor-icon svg{fill:var( --e-global-color-secondary );}.elementor-25835 .elementor-element.elementor-element-1cd8011{--divider-border-style:solid;--divider-color:#EE6B2F;--divider-border-width:2.5px;}.elementor-25835 .elementor-element.elementor-element-1cd8011 .elementor-divider-separator{width:56px;margin:0 auto;margin-center:0;}.elementor-25835 .elementor-element.elementor-element-1cd8011 .elementor-divider{text-align:center;padding-block-start:0px;padding-block-end:0px;}.elementor-25835 .elementor-element.elementor-element-1cd8011 > .elementor-widget-container{padding:7px 0px 39px 0px;}.elementor-25835 .elementor-element.elementor-element-16ec8663{padding:77px 0px 0px 0px;}.elementor-25835 .elementor-element.elementor-element-6d8f6718 > .elementor-widget-wrap > .elementor-widget:not(.elementor-widget__width-auto):not(.elementor-widget__width-initial):not(:last-child):not(.elementor-absolute){margin-block-end:0px;}.elementor-25835 .elementor-element.elementor-element-6d8f6718 > .elementor-element-populated{margin:70px 1px 1px 1px;--e-column-margin-right:1px;--e-column-margin-left:1px;}.elementor-widget-text-editor{font-family:var( --e-global-typography-text-font-family ), Sans-serif;font-weight:var( --e-global-typography-text-font-weight );color:var( --e-global-color-text );}.elementor-widget-text-editor.elementor-drop-cap-view-stacked .elementor-drop-cap{background-color:var( --e-global-color-primary );}.elementor-widget-text-editor.elementor-drop-cap-view-framed .elementor-drop-cap, .elementor-widget-text-editor.elementor-drop-cap-view-default .elementor-drop-cap{color:var( --e-global-color-primary );border-color:var( --e-global-color-primary );}.elementor-25835 .elementor-element.elementor-element-3e35fa8c{--divider-border-style:solid;--divider-color:#000;--divider-border-width:2px;}.elementor-25835 .elementor-element.elementor-element-3e35fa8c .elementor-divider-separator{width:23px;margin:0 auto;margin-center:0;}.elementor-25835 .elementor-element.elementor-element-3e35fa8c .elementor-divider{text-align:center;padding-block-start:0px;padding-block-end:0px;}.elementor-25835 .elementor-element.elementor-element-3e35fa8c > .elementor-widget-container{padding:7px 0px 39px 0px;}.elementor-25835 .elementor-element.elementor-element-604a294d > .elementor-widget-container{margin:0% 20% 0% 20%;padding:0px 0px 30px 0px;}.elementor-25835 .elementor-element.elementor-element-5de175d{padding:0px 0px 38px 0px;}.elementor-widget-image .widget-image-caption{color:var( --e-global-color-text );font-family:var( --e-global-typography-text-font-family ), Sans-serif;font-weight:var( --e-global-typography-text-font-weight );}.elementor-25835 .elementor-element.elementor-element-585ec37{text-align:center;}.elementor-25835 .elementor-element.elementor-element-585ec37 > .elementor-widget-container{padding:0px 0px 30px 0px;}.elementor-widget-button .elementor-button{font-family:var( --e-global-typography-accent-font-family ), Sans-serif;font-weight:var( --e-global-typography-accent-font-weight );background-color:var( --e-global-color-accent );}.elementor-25835 .elementor-element.elementor-element-4196756 .elementor-button{background-color:#F28B00;border-radius:25px 25px 25px 25px;}.elementor-25835 .elementor-element.elementor-element-0db60d6{padding:0px 0px 38px 0px;}.elementor-25835 .elementor-element.elementor-element-d6233e5{text-align:center;}.elementor-25835 .elementor-element.elementor-element-d6233e5 > .elementor-widget-container{padding:0px 0px 30px 0px;}.elementor-25835 .elementor-element.elementor-element-9d3b445 .elementor-button{background-color:#F28B00;border-radius:25px 25px 25px 25px;}.elementor-25835 .elementor-element.elementor-element-84edd7f{margin-top:0px;margin-bottom:0px;padding:15px 0px 38px 0px;}.elementor-25835 .elementor-element.elementor-element-c10e993 img{width:20%;}.elementor-25835 .elementor-element.elementor-element-c10e993 > .elementor-widget-container{padding:0px 0px 0px 0px;}.elementor-25835 .elementor-element.elementor-element-314f2da{text-align:center;}.elementor-25835 .elementor-element.elementor-element-314f2da > .elementor-widget-container{padding:0px 0px 30px 0px;}.elementor-25835 .elementor-element.elementor-element-62a82dd .elementor-button{background-color:#F28B00;border-radius:25px 25px 25px 25px;}:root{--page-title-display:none;}@media(max-width:1024px) and (min-width:768px){.elementor-25835 .elementor-element.elementor-element-b3770ee{width:100%;}.elementor-25835 .elementor-element.elementor-element-f1bbfdb{width:100%;}.elementor-25835 .elementor-element.elementor-element-5d861a1{width:100%;}}@media(max-width:1024px){.elementor-25835 .elementor-element.elementor-element-604a294d > .elementor-widget-container{margin:0% 10% 0% 10%;}}@media(max-width:767px){.elementor-25835 .elementor-element.elementor-element-7ea757b > .elementor-container{min-height:290px;}.elementor-25835 .elementor-element.elementor-element-d096e7d .elementor-heading-title{font-size:25px;line-height:1.5em;}.elementor-25835 .elementor-element.elementor-element-6d8f6718 > .elementor-element-populated{padding:0px 0px 0px 0px;}.elementor-25835 .elementor-element.elementor-element-604a294d > .elementor-widget-container{margin:0% 0% 0% 0%;}.elementor-25835 .elementor-element.elementor-element-b3770ee > .elementor-element-populated{padding:0px 0px 0px 0px;}.elementor-25835 .elementor-element.elementor-element-f1bbfdb > .elementor-element-populated{padding:0px 0px 0px 0px;}.elementor-25835 .elementor-element.elementor-element-5d861a1 > .elementor-element-populated{padding:0px 0px 0px 0px;}}<\/style>\t\t<div data-elementor-type=\"wp-page\" data-elementor-id=\"25835\" class=\"elementor elementor-25835 elementor-13396\" data-elementor-post-type=\"page\">\n\t\t\t\t\t\t<section class=\"elementor-section elementor-top-section elementor-element elementor-element-7ea757b elementor-section-height-min-height elementor-section-boxed elementor-section-height-default elementor-section-items-middle\" data-id=\"7ea757b\" data-element_type=\"section\" data-e-type=\"section\" data-settings=\"{&quot;background_background&quot;:&quot;classic&quot;}\">\n\t\t\t\t\t\t\t<div class=\"elementor-background-overlay\"><\/div>\n\t\t\t\t\t\t\t<div class=\"elementor-container elementor-column-gap-default\">\n\t\t\t\t\t<div class=\"elementor-column elementor-col-100 elementor-top-column elementor-element elementor-element-47aa8b4\" data-id=\"47aa8b4\" data-element_type=\"column\" data-e-type=\"column\">\n\t\t\t<div class=\"elementor-widget-wrap elementor-element-populated\">\n\t\t\t\t\t\t<div class=\"elementor-element elementor-element-d096e7d elementor-widget elementor-widget-heading\" data-id=\"d096e7d\" data-element_type=\"widget\" data-e-type=\"widget\" data-widget_type=\"heading.default\">\n\t\t\t\t<div class=\"elementor-widget-container\">\n\t\t\t\t\t<h1 class=\"elementor-heading-title elementor-size-default\">Unsere vertrauensw\u00fcrdigen Partner<\/h1>\t\t\t\t<\/div>\n\t\t\t\t<\/div>\n\t\t\t\t<div class=\"elementor-element elementor-element-1cd8011 elementor-widget-divider--view-line elementor-widget elementor-widget-divider\" data-id=\"1cd8011\" data-element_type=\"widget\" data-e-type=\"widget\" data-widget_type=\"divider.default\">\n\t\t\t\t<div class=\"elementor-widget-container\">\n\t\t\t\t\t\t\t<div class=\"elementor-divider\">\n\t\t\t<span class=\"elementor-divider-separator\">\n\t\t\t\t\t\t<\/span>\n\t\t<\/div>\n\t\t\t\t\t\t<\/div>\n\t\t\t\t<\/div>\n\t\t\t\t\t<\/div>\n\t\t<\/div>\n\t\t\t\t\t<\/div>\n\t\t<\/section>\n\t\t\t\t<section class=\"elementor-section elementor-top-section elementor-element elementor-element-16ec8663 elementor-section-boxed elementor-section-height-default elementor-section-height-default\" data-id=\"16ec8663\" data-element_type=\"section\" data-e-type=\"section\">\n\t\t\t\t\t\t<div class=\"elementor-container elementor-column-gap-default\">\n\t\t\t\t\t<div class=\"elementor-column elementor-col-100 elementor-top-column elementor-element elementor-element-6d8f6718\" data-id=\"6d8f6718\" data-element_type=\"column\" data-e-type=\"column\">\n\t\t\t<div class=\"elementor-widget-wrap elementor-element-populated\">\n\t\t\t\t\t\t<div class=\"elementor-element elementor-element-162946e6 elementor-widget elementor-widget-text-editor\" data-id=\"162946e6\" data-element_type=\"widget\" data-e-type=\"widget\" data-widget_type=\"text-editor.default\">\n\t\t\t\t<div class=\"elementor-widget-container\">\n\t\t\t\t\t\t\t\t\t<h2 style=\"text-align: center;\">Unsere Partner<\/h2>\t\t\t\t\t\t\t\t<\/div>\n\t\t\t\t<\/div>\n\t\t\t\t<div class=\"elementor-element elementor-element-3e35fa8c elementor-widget-divider--view-line elementor-widget elementor-widget-divider\" data-id=\"3e35fa8c\" data-element_type=\"widget\" data-e-type=\"widget\" data-widget_type=\"divider.default\">\n\t\t\t\t<div class=\"elementor-widget-container\">\n\t\t\t\t\t\t\t<div class=\"elementor-divider\">\n\t\t\t<span class=\"elementor-divider-separator\">\n\t\t\t\t\t\t<\/span>\n\t\t<\/div>\n\t\t\t\t\t\t<\/div>\n\t\t\t\t<\/div>\n\t\t\t\t<div class=\"elementor-element elementor-element-604a294d elementor-widget elementor-widget-text-editor\" data-id=\"604a294d\" data-element_type=\"widget\" data-e-type=\"widget\" data-widget_type=\"text-editor.default\">\n\t\t\t\t<div class=\"elementor-widget-container\">\n\t\t\t\t\t\t\t\t\t<h4 style=\"text-align: center;\">Dank an unsere Partner, die uns vertrauen<\/h4>\t\t\t\t\t\t\t\t<\/div>\n\t\t\t\t<\/div>\n\t\t\t\t<section class=\"elementor-section elementor-inner-section elementor-element elementor-element-5de175d elementor-section-boxed elementor-section-height-default elementor-section-height-default\" data-id=\"5de175d\" data-element_type=\"section\" data-e-type=\"section\">\n\t\t\t\t\t\t<div class=\"elementor-container elementor-column-gap-default\">\n\t\t\t\t\t<div class=\"elementor-column elementor-col-100 elementor-inner-column elementor-element elementor-element-b3770ee\" data-id=\"b3770ee\" data-element_type=\"column\" data-e-type=\"column\">\n\t\t\t<div class=\"elementor-widget-wrap elementor-element-populated\">\n\t\t\t\t\t\t<div class=\"elementor-element elementor-element-ad9be91 elementor-widget elementor-widget-image\" data-id=\"ad9be91\" data-element_type=\"widget\" data-e-type=\"widget\" data-widget_type=\"image.default\">\n\t\t\t\t<div class=\"elementor-widget-container\">\n\t\t\t\t\t\t\t\t\t\t\t\t\t\t\t<img decoding=\"async\" width=\"218\" height=\"118\" src=\"https:\/\/ataway-management.com\/wp-content\/uploads\/2021\/09\/cosmeticvaley.jpg\" class=\"attachment-medium size-medium wp-image-24414\" alt=\"\" \/>\t\t\t\t\t\t\t\t\t\t\t\t\t\t\t<\/div>\n\t\t\t\t<\/div>\n\t\t\t\t<div class=\"elementor-element elementor-element-585ec37 elementor-widget elementor-widget-text-editor\" data-id=\"585ec37\" data-element_type=\"widget\" data-e-type=\"widget\" data-widget_type=\"text-editor.default\">\n\t\t\t\t<div class=\"elementor-widget-container\">\n\t\t\t\t\t\t\t\t\t<p>Cosmetic Valley ist das Kompetenzzentrum f\u00fcr die Parf\u00fcm- und Kosmetikbranche, das sich auf die Herstellung von Konsumg\u00fctern der Parf\u00fcm- und Kosmetikbranche in Frankreich spezialisiert hat.<\/p>\t\t\t\t\t\t\t\t<\/div>\n\t\t\t\t<\/div>\n\t\t\t\t\t<\/div>\n\t\t<\/div>\n\t\t\t\t\t<\/div>\n\t\t<\/section>\n\t\t\t\t<div class=\"elementor-element elementor-element-4196756 elementor-align-center elementor-widget elementor-widget-button\" data-id=\"4196756\" data-element_type=\"widget\" data-e-type=\"widget\" data-widget_type=\"button.default\">\n\t\t\t\t<div class=\"elementor-widget-container\">\n\t\t\t\t\t\t\t\t\t<div class=\"elementor-button-wrapper\">\n\t\t\t\t\t<a class=\"elementor-button elementor-button-link elementor-size-sm\" href=\"https:\/\/www.cosmetic-valley.com\/\" target=\"_blank\">\n\t\t\t\t\t\t<span class=\"elementor-button-content-wrapper\">\n\t\t\t\t\t\t\t\t\t<span class=\"elementor-button-text\">GELANGEN SIE AUF DIE SEITE UNSERES PARTNERS<\/span>\n\t\t\t\t\t<\/span>\n\t\t\t\t\t<\/a>\n\t\t\t\t<\/div>\n\t\t\t\t\t\t\t\t<\/div>\n\t\t\t\t<\/div>\n\t\t\t\t<section class=\"elementor-section elementor-inner-section elementor-element elementor-element-0db60d6 elementor-section-boxed elementor-section-height-default elementor-section-height-default\" data-id=\"0db60d6\" data-element_type=\"section\" data-e-type=\"section\">\n\t\t\t\t\t\t<div class=\"elementor-container elementor-column-gap-default\">\n\t\t\t\t\t<div class=\"elementor-column elementor-col-100 elementor-inner-column elementor-element elementor-element-f1bbfdb\" data-id=\"f1bbfdb\" data-element_type=\"column\" data-e-type=\"column\">\n\t\t\t<div class=\"elementor-widget-wrap elementor-element-populated\">\n\t\t\t\t\t\t<div class=\"elementor-element elementor-element-b3bbf79 elementor-widget elementor-widget-image\" data-id=\"b3bbf79\" data-element_type=\"widget\" data-e-type=\"widget\" data-widget_type=\"image.default\">\n\t\t\t\t<div class=\"elementor-widget-container\">\n\t\t\t\t\t\t\t\t\t\t\t\t\t\t\t<img decoding=\"async\" width=\"218\" height=\"118\" src=\"https:\/\/ataway-management.com\/wp-content\/uploads\/2021\/09\/cosmed-1.jpg\" class=\"attachment-medium size-medium wp-image-24405\" alt=\"\" \/>\t\t\t\t\t\t\t\t\t\t\t\t\t\t\t<\/div>\n\t\t\t\t<\/div>\n\t\t\t\t<div class=\"elementor-element elementor-element-d6233e5 elementor-widget elementor-widget-text-editor\" data-id=\"d6233e5\" data-element_type=\"widget\" data-e-type=\"widget\" data-widget_type=\"text-editor.default\">\n\t\t\t\t<div class=\"elementor-widget-container\">\n\t\t\t\t\t\t\t\t\t<p>Cosmed ist der f\u00fchrende Berufsverband f\u00fcr kleine und mittelst\u00e4ndische Unternehmen der Kosmetikbranche. Cosmed vereint 920 Unternehmen. <\/p>\t\t\t\t\t\t\t\t<\/div>\n\t\t\t\t<\/div>\n\t\t\t\t<div class=\"elementor-element elementor-element-9d3b445 elementor-align-center elementor-widget elementor-widget-button\" data-id=\"9d3b445\" data-element_type=\"widget\" data-e-type=\"widget\" data-widget_type=\"button.default\">\n\t\t\t\t<div class=\"elementor-widget-container\">\n\t\t\t\t\t\t\t\t\t<div class=\"elementor-button-wrapper\">\n\t\t\t\t\t<a class=\"elementor-button elementor-button-link elementor-size-sm\" href=\"https:\/\/www.cosmed.fr\/\" target=\"_blank\">\n\t\t\t\t\t\t<span class=\"elementor-button-content-wrapper\">\n\t\t\t\t\t\t\t\t\t<span class=\"elementor-button-text\">GELANGEN SIE AUF DIE SEITE UNSERES PARTNERS<\/span>\n\t\t\t\t\t<\/span>\n\t\t\t\t\t<\/a>\n\t\t\t\t<\/div>\n\t\t\t\t\t\t\t\t<\/div>\n\t\t\t\t<\/div>\n\t\t\t\t\t<\/div>\n\t\t<\/div>\n\t\t\t\t\t<\/div>\n\t\t<\/section>\n\t\t\t\t<section class=\"elementor-section elementor-inner-section elementor-element elementor-element-84edd7f elementor-section-boxed elementor-section-height-default elementor-section-height-default\" data-id=\"84edd7f\" data-element_type=\"section\" data-e-type=\"section\">\n\t\t\t\t\t\t<div class=\"elementor-container elementor-column-gap-default\">\n\t\t\t\t\t<div class=\"elementor-column elementor-col-100 elementor-inner-column elementor-element elementor-element-5d861a1\" data-id=\"5d861a1\" data-element_type=\"column\" data-e-type=\"column\">\n\t\t\t<div class=\"elementor-widget-wrap elementor-element-populated\">\n\t\t\t\t\t\t<div class=\"elementor-element elementor-element-c10e993 elementor-widget elementor-widget-image\" data-id=\"c10e993\" data-element_type=\"widget\" data-e-type=\"widget\" data-widget_type=\"image.default\">\n\t\t\t\t<div class=\"elementor-widget-container\">\n\t\t\t\t\t\t\t\t\t\t\t\t\t\t\t<img fetchpriority=\"high\" decoding=\"async\" width=\"300\" height=\"169\" src=\"https:\/\/ataway-management.com\/wp-content\/uploads\/2023\/12\/Logo-Blue-Strat-2-300x169.png\" class=\"attachment-medium size-medium wp-image-21733\" alt=\"Blue Strat, partenaire digital strat\u00e9gie, Cosm\u00e9tique\" srcset=\"https:\/\/ataway-management.com\/wp-content\/uploads\/2023\/12\/Logo-Blue-Strat-2-300x169.png 300w, https:\/\/ataway-management.com\/wp-content\/uploads\/2023\/12\/Logo-Blue-Strat-2-1024x576.png 1024w, https:\/\/ataway-management.com\/wp-content\/uploads\/2023\/12\/Logo-Blue-Strat-2-768x432.png 768w, https:\/\/ataway-management.com\/wp-content\/uploads\/2023\/12\/Logo-Blue-Strat-2-1536x864.png 1536w, https:\/\/ataway-management.com\/wp-content\/uploads\/2023\/12\/Logo-Blue-Strat-2-700x394.png 700w, https:\/\/ataway-management.com\/wp-content\/uploads\/2023\/12\/Logo-Blue-Strat-2-539x303.png 539w, https:\/\/ataway-management.com\/wp-content\/uploads\/2023\/12\/Logo-Blue-Strat-2.png 1920w\" sizes=\"(max-width: 300px) 100vw, 300px\" \/>\t\t\t\t\t\t\t\t\t\t\t\t\t\t\t<\/div>\n\t\t\t\t<\/div>\n\t\t\t\t<div class=\"elementor-element elementor-element-314f2da elementor-widget elementor-widget-text-editor\" data-id=\"314f2da\" data-element_type=\"widget\" data-e-type=\"widget\" data-widget_type=\"text-editor.default\">\n\t\t\t\t<div class=\"elementor-widget-container\">\n\t\t\t\t\t\t\t\t\t<p>Blue Strat ist auf Web- und Marketingbegleitung spezialisiert.  <br>Sie verwalten die Entwicklung von Webseiten und die Online-Referenzierung f\u00fcr die Kosmetikbranche und mehr.<\/p>\t\t\t\t\t\t\t\t<\/div>\n\t\t\t\t<\/div>\n\t\t\t\t<div class=\"elementor-element elementor-element-62a82dd elementor-align-center elementor-widget elementor-widget-button\" data-id=\"62a82dd\" data-element_type=\"widget\" data-e-type=\"widget\" data-widget_type=\"button.default\">\n\t\t\t\t<div class=\"elementor-widget-container\">\n\t\t\t\t\t\t\t\t\t<div class=\"elementor-button-wrapper\">\n\t\t\t\t\t<a class=\"elementor-button elementor-button-link elementor-size-sm\" href=\"https:\/\/www.blue-strat.com\/\" target=\"_blank\">\n\t\t\t\t\t\t<span class=\"elementor-button-content-wrapper\">\n\t\t\t\t\t\t\t\t\t<span class=\"elementor-button-text\">GELANGEN SIE AUF DIE SEITE UNSERES PARTNERS<\/span>\n\t\t\t\t\t<\/span>\n\t\t\t\t\t<\/a>\n\t\t\t\t<\/div>\n\t\t\t\t\t\t\t\t<\/div>\n\t\t\t\t<\/div>\n\t\t\t\t\t<\/div>\n\t\t<\/div>\n\t\t\t\t\t<\/div>\n\t\t<\/section>\n\t\t\t\t\t<\/div>\n\t\t<\/div>\n\t\t\t\t\t<\/div>\n\t\t<\/section>\n\t\t\t\t<\/div>\n\t\t","protected":false},"excerpt":{"rendered":"<p>Unsere vertrauensw\u00fcrdigen Partner Unsere Partner Dank an unsere Partner, die uns vertrauen Cosmetic Valley ist das Kompetenzzentrum f\u00fcr die Parf\u00fcm- und Kosmetikbranche, das sich auf die Herstellung von Konsumg\u00fctern der Parf\u00fcm- und Kosmetikbranche in Frankreich spezialisiert hat. GELANGEN SIE AUF DIE SEITE UNSERES PARTNERS Cosmed ist der f\u00fchrende Berufsverband f\u00fcr kleine und mittelst\u00e4ndische Unternehmen der [&hellip;]<\/p>\n","protected":false},"author":4,"featured_media":0,"parent":0,"menu_order":0,"comment_status":"open","ping_status":"closed","template":"full_width.php","meta":{"footnotes":""},"class_list":["post-25835","page","type-page","status-publish","hentry"],"aioseo_notices":[],"_links":{"self":[{"href":"https:\/\/ataway-management.com\/de\/wp-json\/wp\/v2\/pages\/25835","targetHints":{"allow":["GET"]}}],"collection":[{"href":"https:\/\/ataway-management.com\/de\/wp-json\/wp\/v2\/pages"}],"about":[{"href":"https:\/\/ataway-management.com\/de\/wp-json\/wp\/v2\/types\/page"}],"author":[{"embeddable":true,"href":"https:\/\/ataway-management.com\/de\/wp-json\/wp\/v2\/users\/4"}],"replies":[{"embeddable":true,"href":"https:\/\/ataway-management.com\/de\/wp-json\/wp\/v2\/comments?post=25835"}],"version-history":[{"count":0,"href":"https:\/\/ataway-management.com\/de\/wp-json\/wp\/v2\/pages\/25835\/revisions"}],"wp:attachment":[{"href":"https:\/\/ataway-management.com\/de\/wp-json\/wp\/v2\/media?parent=25835"}],"curies":[{"name":"wp","href":"https:\/\/api.w.org\/{rel}","templated":true}]}}