{"id":20464,"date":"2021-12-01T10:21:35","date_gmt":"2021-12-01T09:21:35","guid":{"rendered":"https:\/\/ataway-management.com\/news-and-press-review\/"},"modified":"2024-02-02T10:45:09","modified_gmt":"2024-02-02T09:45:09","slug":"news-and-press-review","status":"publish","type":"page","link":"https:\/\/ataway-management.com\/en\/news-and-press-review\/","title":{"rendered":"News and press review"},"content":{"rendered":"<style>.elementor-20464 .elementor-element.elementor-element-2ff6b885{padding:77px 0px 0px 0px;}.elementor-20464 .elementor-element.elementor-element-51c0ff15 > .elementor-widget-wrap > .elementor-widget:not(.elementor-widget__width-auto):not(.elementor-widget__width-initial):not(:last-child):not(.elementor-absolute){margin-block-end:0px;}.elementor-widget-text-editor{font-family:var( --e-global-typography-text-font-family ), Sans-serif;font-weight:var( --e-global-typography-text-font-weight );color:var( --e-global-color-text );}.elementor-widget-text-editor.elementor-drop-cap-view-stacked .elementor-drop-cap{background-color:var( --e-global-color-primary );}.elementor-widget-text-editor.elementor-drop-cap-view-framed .elementor-drop-cap, .elementor-widget-text-editor.elementor-drop-cap-view-default .elementor-drop-cap{color:var( --e-global-color-primary );border-color:var( --e-global-color-primary );}.elementor-widget-divider{--divider-color:var( --e-global-color-secondary );}.elementor-widget-divider .elementor-divider__text{color:var( --e-global-color-secondary );font-family:var( --e-global-typography-secondary-font-family ), Sans-serif;font-weight:var( --e-global-typography-secondary-font-weight );}.elementor-widget-divider.elementor-view-stacked .elementor-icon{background-color:var( --e-global-color-secondary );}.elementor-widget-divider.elementor-view-framed .elementor-icon, .elementor-widget-divider.elementor-view-default .elementor-icon{color:var( --e-global-color-secondary );border-color:var( --e-global-color-secondary );}.elementor-widget-divider.elementor-view-framed .elementor-icon, .elementor-widget-divider.elementor-view-default .elementor-icon svg{fill:var( --e-global-color-secondary );}.elementor-20464 .elementor-element.elementor-element-43a1371e{--divider-border-style:solid;--divider-color:#EE6B2F;--divider-border-width:2px;}.elementor-20464 .elementor-element.elementor-element-43a1371e .elementor-divider-separator{width:23px;margin:0 auto;margin-center:0;}.elementor-20464 .elementor-element.elementor-element-43a1371e .elementor-divider{text-align:center;padding-block-start:0px;padding-block-end:0px;}.elementor-20464 .elementor-element.elementor-element-43a1371e > .elementor-widget-container{padding:7px 0px 37px 0px;}.elementor-20464 .elementor-element.elementor-element-4cd2426f > .elementor-widget-container{margin:0% 20% 0% 20%;padding:0px 0px 33px 0px;}@media(max-width:1024px){.elementor-20464 .elementor-element.elementor-element-4cd2426f > .elementor-widget-container{margin:0px 0px 0px 0px;}}@media(max-width:767px){.elementor-20464 .elementor-element.elementor-element-51c0ff15 > .elementor-element-populated{padding:0px 0px 0px 0px;}.elementor-20464 .elementor-element.elementor-element-4cd2426f > .elementor-widget-container{margin:0% 0% 0% 0%;}}<\/style>\t\t<div data-elementor-type=\"wp-page\" data-elementor-id=\"20464\" class=\"elementor elementor-20464\" data-elementor-post-type=\"page\">\n\t\t\t\t\t\t<section class=\"elementor-section elementor-top-section elementor-element elementor-element-2ff6b885 elementor-section-boxed elementor-section-height-default elementor-section-height-default\" data-id=\"2ff6b885\" data-element_type=\"section\" data-e-type=\"section\">\n\t\t\t\t\t\t<div class=\"elementor-container elementor-column-gap-default\">\n\t\t\t\t\t<div class=\"elementor-column elementor-col-100 elementor-top-column elementor-element elementor-element-51c0ff15\" data-id=\"51c0ff15\" data-element_type=\"column\" data-e-type=\"column\">\n\t\t\t<div class=\"elementor-widget-wrap elementor-element-populated\">\n\t\t\t\t\t\t<div class=\"elementor-element elementor-element-5d1038cd elementor-widget elementor-widget-text-editor\" data-id=\"5d1038cd\" data-element_type=\"widget\" data-e-type=\"widget\" data-widget_type=\"text-editor.default\">\n\t\t\t\t<div class=\"elementor-widget-container\">\n\t\t\t\t\t\t\t\t\t<h2 style=\"text-align: center;\">FIND ALL THE ATAWAY MANAGEMENT NEWS<\/h2>\n\t\t\t\t\t\t\t\t<\/div>\n\t\t\t\t<\/div>\n\t\t\t\t<div class=\"elementor-element elementor-element-43a1371e elementor-widget-divider--view-line elementor-widget elementor-widget-divider\" data-id=\"43a1371e\" data-element_type=\"widget\" data-e-type=\"widget\" data-widget_type=\"divider.default\">\n\t\t\t\t<div class=\"elementor-widget-container\">\n\t\t\t\t\t\t\t<div class=\"elementor-divider\">\n\t\t\t<span class=\"elementor-divider-separator\">\n\t\t\t\t\t\t<\/span>\n\t\t<\/div>\n\t\t\t\t\t\t<\/div>\n\t\t\t\t<\/div>\n\t\t\t\t<div class=\"elementor-element elementor-element-4cd2426f elementor-widget elementor-widget-text-editor\" data-id=\"4cd2426f\" data-element_type=\"widget\" data-e-type=\"widget\" data-widget_type=\"text-editor.default\">\n\t\t\t\t<div class=\"elementor-widget-container\">\n\t\t\t\t\t\t\t\t\t<h4 style=\"text-align: center;\">ataWay management listens, stays informed and informs you\u2026<\/h4>\n\t\t\t\t\t\t\t\t<\/div>\n\t\t\t\t<\/div>\n\t\t\t\t\t<\/div>\n\t\t<\/div>\n\t\t\t\t\t<\/div>\n\t\t<\/section>\n\t\t\t\t<section class=\"elementor-section elementor-top-section elementor-element elementor-element-be9764f elementor-section-boxed elementor-section-height-default elementor-section-height-default\" data-id=\"be9764f\" data-element_type=\"section\" data-e-type=\"section\">\n\t\t\t\t\t\t<div class=\"elementor-container elementor-column-gap-default\">\n\t\t\t\t\t<div class=\"elementor-column elementor-col-100 elementor-top-column elementor-element elementor-element-10dcdda\" data-id=\"10dcdda\" data-element_type=\"column\" data-e-type=\"column\">\n\t\t\t<div class=\"elementor-widget-wrap\">\n\t\t\t\t\t\t\t<\/div>\n\t\t<\/div>\n\t\t\t\t\t<\/div>\n\t\t<\/section>\n\t\t\t\t<\/div>\n\t\t","protected":false},"excerpt":{"rendered":"<p>FIND ALL THE ATAWAY MANAGEMENT NEWS ataWay management listens, stays informed and informs you\u2026 24 Nov Revue de presse Carole Delva Itin\u00e9raire Entreprise : les experts strat\u00e9giques de la cosm\u00e9tique et de la beaut\u00e9 ataWay management est un cabinet de conseil en strat\u00e9gie sp\u00e9cifiquement d\u00e9di\u00e9 \u00e0 l\u2019univers de la cosm\u00e9tique et de la beaut\u00e9. read [&hellip;]<\/p>\n","protected":false},"author":4,"featured_media":0,"parent":0,"menu_order":0,"comment_status":"open","ping_status":"closed","template":"full_width.php","meta":{"footnotes":""},"class_list":["post-20464","page","type-page","status-publish","hentry"],"aioseo_notices":[],"_links":{"self":[{"href":"https:\/\/ataway-management.com\/en\/wp-json\/wp\/v2\/pages\/20464","targetHints":{"allow":["GET"]}}],"collection":[{"href":"https:\/\/ataway-management.com\/en\/wp-json\/wp\/v2\/pages"}],"about":[{"href":"https:\/\/ataway-management.com\/en\/wp-json\/wp\/v2\/types\/page"}],"author":[{"embeddable":true,"href":"https:\/\/ataway-management.com\/en\/wp-json\/wp\/v2\/users\/4"}],"replies":[{"embeddable":true,"href":"https:\/\/ataway-management.com\/en\/wp-json\/wp\/v2\/comments?post=20464"}],"version-history":[{"count":0,"href":"https:\/\/ataway-management.com\/en\/wp-json\/wp\/v2\/pages\/20464\/revisions"}],"wp:attachment":[{"href":"https:\/\/ataway-management.com\/en\/wp-json\/wp\/v2\/media?parent=20464"}],"curies":[{"name":"wp","href":"https:\/\/api.w.org\/{rel}","templated":true}]}}